{"id":2491,"date":"2025-06-08T06:33:31","date_gmt":"2025-06-08T04:33:31","guid":{"rendered":"https:\/\/salzlwein.at\/?post_type=product&#038;p=2491"},"modified":"2026-04-23T09:14:03","modified_gmt":"2026-04-23T07:14:03","slug":"strong-natural-wine-package","status":"publish","type":"product","link":"https:\/\/salzlwein.at\/en\/produkt\/strong-natural-wine-package\/","title":{"rendered":"Strong &#038; NATURAL Wine Package"},"content":{"rendered":"<p>The STRONG &amp; NATURAL wine package includes: 1x EVOLTUION (Natural) 2022, 1x IMSTEIN 2018, 1x Chardonnay Horvath 2024, 1x Pinot Chri 2023, 1x Der Veterin\u00e4r 2023, 1x 14 PROZENT 2022,<\/p>\n<p>\ud83c\udf47 Exquisite selection: 6 high-quality wines<br \/>\n\ud83c\udf77 Price advantage: 12% savings compared to individual purchases<\/p>\n<p><strong>Information about the wines included in the wine package:<\/strong><\/p>\n<h3>EVOLTUION (Natural)<\/h3>\n<p>Quality wine<br \/>\nDry, bottling 2022, alc.. 12,5 %Vol., acidity 5,1 \u2030., Rz. 1,0 g\/l 0,75 l<\/p>\n<h3>IMSTEIN<\/h3>\n<p>Quality wine<br \/>\nDry, bottling 2018,\u00a0 alc. 13,5 %Vol., acidity 4,1 \u2030., Rz. 1,4 g\/l, 0,75 l<\/p>\n<h3>Chardonnay Horvath<\/h3>\n<p>Quality wine<br \/>\nDry, bottling 2024, alc. 13,5 %Vol., acidity 5,3 \u2030. Rz. 2,0 g\/l, 0,75 l<br \/>\n<a href=\"https:\/\/link.bottle-data.com\/p\/kGDxtgHj?locale=de&amp;vsn=MTUyOTkxNzYxNg\" target=\"_blank\" rel=\"noopener\">Nutrition table<\/a><\/p>\n<h3>Pinot Chri<\/h3>\n<p>Quality wine<br \/>\nDry, bottling 2023, alc. 13,5 % Vol., acidity 6,0 %o. Rz 3,3 g\/l, 0,75 l<\/p>\n<h3>Der Veterin\u00e4r<\/h3>\n<p>Quality wine<br \/>\nDry, bottling 2023, alc. 13,0 %Vol., acidity 5,5 \u2030, Rz. 1,8 g\/l, 0,75 l<\/p>\n<h3>14 PROZENT<\/h3>\n<p>Quality wine<br \/>\nDry, bottling 2022, alc. 14,0 %Vol., acidity 4,3 \u2030., Rz. 1,7 g\/l, 0,75 l<\/p>\n","protected":false},"excerpt":{"rendered":"<p>Strong &amp; Natural &#8211; Our Strong Wine Package<\/p>\n<p>Discover our bold white wines and our NATURAL wine! This exclusive package combines six distinctive wines in one wine package. For those who love the quirks and edges of their glass and crave authentic taste. Perfect for discovering, giving as a gift, or enjoying yourself.<\/p>\n<p>Order now at a special price!<\/p>\n","protected":false},"featured_media":2520,"template":"","meta":{"_et_pb_use_builder":"off","_et_pb_old_content":"Qualit\u00e4tswein\r\nTrocken, Jahrgang 2024, Alk. 12,5 %Vol., S\u00e4ure 6,2 \u2030. Rz. 5,0 g\/l 0,75 l \u20ac 6,50\r\n<h3>Speisen:<\/h3>\r\nDer <strong>Salzl Ros\u00e9 Zweigelt <\/strong>wirkt durch seine Fruchtigkeit, gepaart mit dezenter S\u00e4ure und leichtem Zuckerrest sehr appetitanregend. Angebracht f\u00fcr eine fr\u00f6hliche Mittagstafel schlichtweg um Hunger und Durst zu stillen. Er passt wunderbar zu Ragouts, Eint\u00f6pfen, Schmorgerichten, wenn Sauce mit Sahne oder Butter gebunden ist. Aber auch zu Pizza, Spaghetti oder Nudelgerichten mit reifen Tomaten.\r\n<h3>Lagerung - Ros\u00e9 Zweigelt:<\/h3>\r\nWird jung getrunken. Idealerweise 1-2 Jahre.","_et_gb_content_width":""},"product_brand":[],"product_cat":[],"product_tag":[],"class_list":{"0":"post-2491","1":"product","2":"type-product","3":"status-publish","4":"has-post-thumbnail","7":"first","8":"instock","9":"sale","10":"taxable","11":"shipping-taxable","12":"purchasable","13":"product-type-simple"},"yoast_head":"<!-- This site is optimized with the Yoast SEO plugin v27.5 - https:\/\/yoast.com\/product\/yoast-seo-wordpress\/ -->\n<title>Strong &amp; NATURAL Wine Package - salzlwein.at<\/title>\n<meta name=\"description\" content=\"Strong &amp; NATURAL Wine Package from Salzl\" \/>\n<meta name=\"robots\" content=\"index, follow, max-snippet:-1, max-image-preview:large, max-video-preview:-1\" \/>\n<link rel=\"canonical\" href=\"https:\/\/salzlwein.at\/en\/produkt\/strong-natural-wine-package\/\" \/>\n<meta property=\"og:locale\" content=\"en_US\" \/>\n<meta property=\"og:type\" content=\"article\" \/>\n<meta property=\"og:title\" content=\"Strong &amp; NATURAL Wine Package - salzlwein.at\" \/>\n<meta property=\"og:description\" content=\"Strong &amp; NATURAL Wine Package from Salzl\" \/>\n<meta property=\"og:url\" content=\"https:\/\/salzlwein.at\/en\/produkt\/strong-natural-wine-package\/\" \/>\n<meta property=\"og:site_name\" content=\"salzlwein.at\" \/>\n<meta property=\"article:modified_time\" content=\"2026-04-23T07:14:03+00:00\" \/>\n<meta property=\"og:image\" content=\"https:\/\/salzlwein.at\/wp-content\/uploads\/2025\/06\/Salzl_Kraeftig-NATURAL-Weinpaket.jpg\" \/>\n\t<meta property=\"og:image:width\" content=\"1080\" \/>\n\t<meta property=\"og:image:height\" content=\"1080\" \/>\n\t<meta property=\"og:image:type\" content=\"image\/jpeg\" \/>\n<meta name=\"twitter:card\" content=\"summary_large_image\" \/>\n<meta name=\"twitter:label1\" content=\"Est. reading time\" \/>\n\t<meta name=\"twitter:data1\" content=\"2 minutes\" \/>\n<script type=\"application\/ld+json\" class=\"yoast-schema-graph\">{\"@context\":\"https:\\\/\\\/schema.org\",\"@graph\":[{\"@type\":\"WebPage\",\"@id\":\"https:\\\/\\\/salzlwein.at\\\/en\\\/produkt\\\/strong-natural-wine-package\\\/\",\"url\":\"https:\\\/\\\/salzlwein.at\\\/en\\\/produkt\\\/strong-natural-wine-package\\\/\",\"name\":\"Strong & NATURAL Wine Package - salzlwein.at\",\"isPartOf\":{\"@id\":\"https:\\\/\\\/salzlwein.at\\\/en\\\/#website\"},\"primaryImageOfPage\":{\"@id\":\"https:\\\/\\\/salzlwein.at\\\/en\\\/produkt\\\/strong-natural-wine-package\\\/#primaryimage\"},\"image\":{\"@id\":\"https:\\\/\\\/salzlwein.at\\\/en\\\/produkt\\\/strong-natural-wine-package\\\/#primaryimage\"},\"thumbnailUrl\":\"https:\\\/\\\/salzlwein.at\\\/wp-content\\\/uploads\\\/2025\\\/06\\\/Salzl_Kraeftig-NATURAL-Weinpaket.jpg\",\"datePublished\":\"2025-06-08T04:33:31+00:00\",\"dateModified\":\"2026-04-23T07:14:03+00:00\",\"description\":\"Strong & NATURAL Wine Package from Salzl\",\"breadcrumb\":{\"@id\":\"https:\\\/\\\/salzlwein.at\\\/en\\\/produkt\\\/strong-natural-wine-package\\\/#breadcrumb\"},\"inLanguage\":\"en-US\",\"potentialAction\":[{\"@type\":\"ReadAction\",\"target\":[\"https:\\\/\\\/salzlwein.at\\\/en\\\/produkt\\\/strong-natural-wine-package\\\/\"]}]},{\"@type\":\"ImageObject\",\"inLanguage\":\"en-US\",\"@id\":\"https:\\\/\\\/salzlwein.at\\\/en\\\/produkt\\\/strong-natural-wine-package\\\/#primaryimage\",\"url\":\"https:\\\/\\\/salzlwein.at\\\/wp-content\\\/uploads\\\/2025\\\/06\\\/Salzl_Kraeftig-NATURAL-Weinpaket.jpg\",\"contentUrl\":\"https:\\\/\\\/salzlwein.at\\\/wp-content\\\/uploads\\\/2025\\\/06\\\/Salzl_Kraeftig-NATURAL-Weinpaket.jpg\",\"width\":1080,\"height\":1080,\"caption\":\"Produktbild des KR\u00c4FTIG & NATURAL Weinpakets vom Weingut Rudi Salzl.\"},{\"@type\":\"BreadcrumbList\",\"@id\":\"https:\\\/\\\/salzlwein.at\\\/en\\\/produkt\\\/strong-natural-wine-package\\\/#breadcrumb\",\"itemListElement\":[{\"@type\":\"ListItem\",\"position\":1,\"name\":\"Startseite\",\"item\":\"https:\\\/\\\/salzlwein.at\\\/en\\\/\"},{\"@type\":\"ListItem\",\"position\":2,\"name\":\"Shop\",\"item\":\"https:\\\/\\\/salzlwein.at\\\/shop\\\/\"},{\"@type\":\"ListItem\",\"position\":3,\"name\":\"Strong &#038; NATURAL Wine Package\"}]},{\"@type\":\"WebSite\",\"@id\":\"https:\\\/\\\/salzlwein.at\\\/en\\\/#website\",\"url\":\"https:\\\/\\\/salzlwein.at\\\/en\\\/\",\"name\":\"salzlwein.at\",\"description\":\"Weingut Salzl im Nationalpark\",\"potentialAction\":[{\"@type\":\"SearchAction\",\"target\":{\"@type\":\"EntryPoint\",\"urlTemplate\":\"https:\\\/\\\/salzlwein.at\\\/en\\\/?s={search_term_string}\"},\"query-input\":{\"@type\":\"PropertyValueSpecification\",\"valueRequired\":true,\"valueName\":\"search_term_string\"}}],\"inLanguage\":\"en-US\"}]}<\/script>\n<!-- \/ Yoast SEO plugin. -->","yoast_head_json":{"title":"Strong & NATURAL Wine Package - salzlwein.at","description":"Strong & NATURAL Wine Package from Salzl","robots":{"index":"index","follow":"follow","max-snippet":"max-snippet:-1","max-image-preview":"max-image-preview:large","max-video-preview":"max-video-preview:-1"},"canonical":"https:\/\/salzlwein.at\/en\/produkt\/strong-natural-wine-package\/","og_locale":"en_US","og_type":"article","og_title":"Strong & NATURAL Wine Package - salzlwein.at","og_description":"Strong & NATURAL Wine Package from Salzl","og_url":"https:\/\/salzlwein.at\/en\/produkt\/strong-natural-wine-package\/","og_site_name":"salzlwein.at","article_modified_time":"2026-04-23T07:14:03+00:00","og_image":[{"width":1080,"height":1080,"url":"https:\/\/salzlwein.at\/wp-content\/uploads\/2025\/06\/Salzl_Kraeftig-NATURAL-Weinpaket.jpg","type":"image\/jpeg"}],"twitter_card":"summary_large_image","twitter_misc":{"Est. reading time":"2 minutes"},"schema":{"@context":"https:\/\/schema.org","@graph":[{"@type":"WebPage","@id":"https:\/\/salzlwein.at\/en\/produkt\/strong-natural-wine-package\/","url":"https:\/\/salzlwein.at\/en\/produkt\/strong-natural-wine-package\/","name":"Strong & NATURAL Wine Package - salzlwein.at","isPartOf":{"@id":"https:\/\/salzlwein.at\/en\/#website"},"primaryImageOfPage":{"@id":"https:\/\/salzlwein.at\/en\/produkt\/strong-natural-wine-package\/#primaryimage"},"image":{"@id":"https:\/\/salzlwein.at\/en\/produkt\/strong-natural-wine-package\/#primaryimage"},"thumbnailUrl":"https:\/\/salzlwein.at\/wp-content\/uploads\/2025\/06\/Salzl_Kraeftig-NATURAL-Weinpaket.jpg","datePublished":"2025-06-08T04:33:31+00:00","dateModified":"2026-04-23T07:14:03+00:00","description":"Strong & NATURAL Wine Package from Salzl","breadcrumb":{"@id":"https:\/\/salzlwein.at\/en\/produkt\/strong-natural-wine-package\/#breadcrumb"},"inLanguage":"en-US","potentialAction":[{"@type":"ReadAction","target":["https:\/\/salzlwein.at\/en\/produkt\/strong-natural-wine-package\/"]}]},{"@type":"ImageObject","inLanguage":"en-US","@id":"https:\/\/salzlwein.at\/en\/produkt\/strong-natural-wine-package\/#primaryimage","url":"https:\/\/salzlwein.at\/wp-content\/uploads\/2025\/06\/Salzl_Kraeftig-NATURAL-Weinpaket.jpg","contentUrl":"https:\/\/salzlwein.at\/wp-content\/uploads\/2025\/06\/Salzl_Kraeftig-NATURAL-Weinpaket.jpg","width":1080,"height":1080,"caption":"Produktbild des KR\u00c4FTIG & NATURAL Weinpakets vom Weingut Rudi Salzl."},{"@type":"BreadcrumbList","@id":"https:\/\/salzlwein.at\/en\/produkt\/strong-natural-wine-package\/#breadcrumb","itemListElement":[{"@type":"ListItem","position":1,"name":"Startseite","item":"https:\/\/salzlwein.at\/en\/"},{"@type":"ListItem","position":2,"name":"Shop","item":"https:\/\/salzlwein.at\/shop\/"},{"@type":"ListItem","position":3,"name":"Strong &#038; NATURAL Wine Package"}]},{"@type":"WebSite","@id":"https:\/\/salzlwein.at\/en\/#website","url":"https:\/\/salzlwein.at\/en\/","name":"salzlwein.at","description":"Weingut Salzl im Nationalpark","potentialAction":[{"@type":"SearchAction","target":{"@type":"EntryPoint","urlTemplate":"https:\/\/salzlwein.at\/en\/?s={search_term_string}"},"query-input":{"@type":"PropertyValueSpecification","valueRequired":true,"valueName":"search_term_string"}}],"inLanguage":"en-US"}]}},"_links":{"self":[{"href":"https:\/\/salzlwein.at\/en\/wp-json\/wp\/v2\/product\/2491","targetHints":{"allow":["GET"]}}],"collection":[{"href":"https:\/\/salzlwein.at\/en\/wp-json\/wp\/v2\/product"}],"about":[{"href":"https:\/\/salzlwein.at\/en\/wp-json\/wp\/v2\/types\/product"}],"wp:featuredmedia":[{"embeddable":true,"href":"https:\/\/salzlwein.at\/en\/wp-json\/wp\/v2\/media\/2520"}],"wp:attachment":[{"href":"https:\/\/salzlwein.at\/en\/wp-json\/wp\/v2\/media?parent=2491"}],"wp:term":[{"taxonomy":"product_brand","embeddable":true,"href":"https:\/\/salzlwein.at\/en\/wp-json\/wp\/v2\/product_brand?post=2491"},{"taxonomy":"product_cat","embeddable":true,"href":"https:\/\/salzlwein.at\/en\/wp-json\/wp\/v2\/product_cat?post=2491"},{"taxonomy":"product_tag","embeddable":true,"href":"https:\/\/salzlwein.at\/en\/wp-json\/wp\/v2\/product_tag?post=2491"}],"curies":[{"name":"wp","href":"https:\/\/api.w.org\/{rel}","templated":true}]}}