{"id":1991,"date":"2025-03-10T10:40:43","date_gmt":"2025-03-10T09:40:43","guid":{"rendered":"https:\/\/salzlwein.at\/?post_type=product&#038;p=1991"},"modified":"2026-04-23T08:59:54","modified_gmt":"2026-04-23T06:59:54","slug":"spring-wine-package-xl","status":"publish","type":"product","link":"https:\/\/salzlwein.at\/en\/produkt\/spring-wine-package-xl\/","title":{"rendered":"Spring Wine Package XL"},"content":{"rendered":"<p>The Salzl Spring Wine Package <strong>XL<\/strong> includes: 1<strong>x\u00a0<\/strong>Gr\u00fcner Veltliner Messwein 2025, <strong>1x<\/strong> Muskat\u00b2 2025, <strong>1x<\/strong> Sauvignon Blanc Homok 2025, <strong>1x<\/strong> Zweigelt Ros\u00e9 2025, <strong>1x<\/strong> Zweigelt Classic 2024, <strong>1x<\/strong> Panta Rhei 2022, <strong>1x<\/strong> Frizzante 2025, <strong>1x<\/strong> Frizzante Ros\u00e9 2025, <strong>1x<\/strong> Four Seasons 2025, <strong>1x<\/strong> Chardonnay Horvath 2024, 1x Blaufr\u00e4nkisch \u2013 Seensucht 2022,\u00a0<strong>1x<\/strong>\u00a0Bapt\u00eame 2022<\/p>\n<p><strong>Information about the wines included in the wine package:<\/strong><\/p>\n<h3>Messwein<\/h3>\n<p>Quality wine<br \/>\nDry, bottling 2025, alc. 12,0 %Vol., acidity 5,9 \u2030. Rz. 1,0 g\/l, 0,75 l<br \/>\n<a href=\"https:\/\/link.bottle-data.com\/p\/GKCFmJzS?locale=de&amp;vsn=MTA5MDgzNTk1Mw\" target=\"_blank\" rel=\"noopener\">Nutrition table<\/a><\/p>\n<h3>Muskat\u00b2<\/h3>\n<p>Quality wine<br \/>\nDry, bottling 2025, alc. 11,5 %Vol., acidity 4,5 \u2030.\u00a0 Rz 1,0 g\/l, 0,75 l<br \/>\n<a href=\"https:\/\/link.bottle-data.com\/p\/6f8MKBWV?locale=de&amp;vsn=NTE4MjE3MDU2\" target=\"_blank\" rel=\"noopener\">Nutrition table<\/a><\/p>\n<h3>Sauvignon Blanc Homok<\/h3>\n<p>Quality wine<br \/>\nDry, bottling 2025, alc. 12,0 %Vol., acidity 6,1 \u2030., Rz,. 1,3 g\/l, 0,75 l<br \/>\n<a href=\"https:\/\/link.bottle-data.com\/p\/ypMzB5LT?locale=de&amp;vsn=MTIzOTk5MTg4MQ\" target=\"_blank\" rel=\"noopener\">Nutrition table<\/a><\/p>\n<h3>Zweigelt Ros\u00e9<\/h3>\n<p>Quality wine<br \/>\nDry, bottling 2025, alc. 11,5 %Vol., acidity 6,5 \u2030. Rz. 2,1 g\/l 0,75 l<br \/>\n<a href=\"https:\/\/link.bottle-data.com\/p\/sHZBpvM6?locale=de&amp;vsn=MTAwNjY0MDM1Nw\" target=\"_blank\" rel=\"noopener\">Nutrition table<\/a><\/p>\n<h3>Zweigelt Classic<\/h3>\n<p>Quality wine<br \/>\nDry, bottling 2024, alc. 13,5 %Vol., acidity 5,2 \u2030., Rz 1,3 g\/l, 0,75 l<br \/>\n<a href=\"https:\/\/link.bottle-data.com\/p\/j5jq5fh5?locale=de&amp;vsn=MjY3NTE5NzMyOA\" target=\"_blank\" rel=\"noopener\">Nutrition table<\/a><\/p>\n<h3>Panta Rhei<\/h3>\n<p>Quality wine<br \/>\nDry, bottling 2022, alc. 14,0 %Vol., acidity 5,5 \u2030. , Rz. 2,1 g\/l 0,75 l<\/p>\n<h3>Frizzante<\/h3>\n<p>Dry, bottling 2025, alc.12,0, acidity 5,4\u2030., Rz 13,0 g\/l, 0,75 l<br \/>\n<a href=\"https:\/\/link.bottle-data.com\/p\/jKJrqxrJ?locale=de&amp;vsn=Mjk0NzYyMDU0OQ\" target=\"_blank\" rel=\"noopener\">Nutrition table<\/a><\/p>\n<h3>Frizzante Ros\u00e9<\/h3>\n<p>Dry, bottling 2025, alc. 12,5 %Vol., acidity 5,1\u2030. Rz. 13,0 g\/l, 0,75 l<br \/>\n<a href=\"https:\/\/link.bottle-data.com\/p\/PMt8Cty4?locale=de&amp;vsn=MzU5ODEwODQyNQ\" target=\"_blank\" rel=\"noopener\">Nutrition table<\/a><\/p>\n<h3>Four Seasons<\/h3>\n<p>Quality wine<br \/>\nDry, bottling 2025, alc. 12,0 %Vol., acidity 6,8 \u2030. Rz. 3,3 g\/l, 0,75 l \u20ac6,50<br \/>\n<a href=\"https:\/\/link.bottle-data.com\/p\/ghRKJ7wn?locale=de&amp;vsn=NDI3NDQzNzc2NA\" target=\"_blank\" rel=\"noopener\">Nutrition table<\/a><\/p>\n<h3>Chardonnay Horvath<\/h3>\n<p>Quality wine<br \/>\nDry, bottling 2024, alc. 13,5 %Vol., acidity 5,3 \u2030. Rz. 2,0 g\/l, 0,75 l<br \/>\n<a href=\"https:\/\/link.bottle-data.com\/p\/kGDxtgHj?locale=de&amp;vsn=MTUyOTkxNzYxNg\" target=\"_blank\" rel=\"noopener\">Nutrition table<\/a><\/p>\n<h3>Blaufr\u00e4nkisch \u2013 Seensucht<\/h3>\n<p>Quality wine<br \/>\nDry, bottling 2022, alc. 14,0%Vol., acidity 5,6 \u2030. , Rz. 1,0 g\/l, 0,75 l<\/p>\n<h3>Bapt\u00eame<\/h3>\n<p>Quality wine<br \/>\nDry, bottling 2022, alc. 13,5 %Vol., acidity 5,6 \u2030. , Rz. 1,0 g\/l, 0,75 l<\/p>\n","protected":false},"excerpt":{"rendered":"<p>Spring Wine Package XL: 12 fresh wines by the glass, springtime enjoyment<\/p>\n<p>Our Spring Wine Package XL combines fruity, refreshing flavors that awaken the palate and indulge you with the lightness of spring. With 12 select wines, you&#8217;ll experience the fresh and vibrant flavors of the season.<\/p>\n<p>Order now at a special price!<\/p>\n","protected":false},"featured_media":2028,"template":"","meta":{"_et_pb_use_builder":"off","_et_pb_old_content":"","_et_gb_content_width":""},"product_brand":[],"product_cat":[],"product_tag":[],"class_list":{"0":"post-1991","1":"product","2":"type-product","3":"status-publish","4":"has-post-thumbnail","7":"first","8":"instock","9":"sale","10":"taxable","11":"shipping-taxable","12":"purchasable","13":"product-type-simple"},"yoast_head":"<!-- This site is optimized with the Yoast SEO plugin v27.4 - https:\/\/yoast.com\/product\/yoast-seo-wordpress\/ -->\n<title>Spring Wine Package XL - salzlwein.at<\/title>\n<meta name=\"robots\" content=\"index, follow, max-snippet:-1, max-image-preview:large, max-video-preview:-1\" \/>\n<link rel=\"canonical\" href=\"https:\/\/salzlwein.at\/en\/produkt\/spring-wine-package-xl\/\" \/>\n<meta property=\"og:locale\" content=\"en_US\" \/>\n<meta property=\"og:type\" content=\"article\" \/>\n<meta property=\"og:title\" content=\"Spring Wine Package XL - salzlwein.at\" \/>\n<meta property=\"og:description\" content=\"Spring Wine Package XL: 12 fresh wines by the glass, springtime enjoyment  Our Spring Wine Package XL combines fruity, refreshing flavors that awaken the palate and indulge you with the lightness of spring. With 12 select wines, you&#039;ll experience the fresh and vibrant flavors of the season.  Order now at a special price!\" \/>\n<meta property=\"og:url\" content=\"https:\/\/salzlwein.at\/en\/produkt\/spring-wine-package-xl\/\" \/>\n<meta property=\"og:site_name\" content=\"salzlwein.at\" \/>\n<meta property=\"article:modified_time\" content=\"2026-04-23T06:59:54+00:00\" \/>\n<meta property=\"og:image\" content=\"https:\/\/salzlwein.at\/wp-content\/uploads\/2025\/03\/Weingut_Salzl_Fruehlingsweinpaket_XL_2025-1.jpg\" \/>\n\t<meta property=\"og:image:width\" content=\"1080\" \/>\n\t<meta property=\"og:image:height\" content=\"1080\" \/>\n\t<meta property=\"og:image:type\" content=\"image\/jpeg\" \/>\n<meta name=\"twitter:card\" content=\"summary_large_image\" \/>\n<meta name=\"twitter:label1\" content=\"Est. reading time\" \/>\n\t<meta name=\"twitter:data1\" content=\"2 minutes\" \/>\n<script type=\"application\/ld+json\" class=\"yoast-schema-graph\">{\"@context\":\"https:\\\/\\\/schema.org\",\"@graph\":[{\"@type\":\"WebPage\",\"@id\":\"https:\\\/\\\/salzlwein.at\\\/en\\\/produkt\\\/spring-wine-package-xl\\\/\",\"url\":\"https:\\\/\\\/salzlwein.at\\\/en\\\/produkt\\\/spring-wine-package-xl\\\/\",\"name\":\"Spring Wine Package XL - salzlwein.at\",\"isPartOf\":{\"@id\":\"https:\\\/\\\/salzlwein.at\\\/en\\\/#website\"},\"primaryImageOfPage\":{\"@id\":\"https:\\\/\\\/salzlwein.at\\\/en\\\/produkt\\\/spring-wine-package-xl\\\/#primaryimage\"},\"image\":{\"@id\":\"https:\\\/\\\/salzlwein.at\\\/en\\\/produkt\\\/spring-wine-package-xl\\\/#primaryimage\"},\"thumbnailUrl\":\"https:\\\/\\\/salzlwein.at\\\/wp-content\\\/uploads\\\/2025\\\/03\\\/Weingut_Salzl_Fruehlingsweinpaket_XL_2025-1.jpg\",\"datePublished\":\"2025-03-10T09:40:43+00:00\",\"dateModified\":\"2026-04-23T06:59:54+00:00\",\"breadcrumb\":{\"@id\":\"https:\\\/\\\/salzlwein.at\\\/en\\\/produkt\\\/spring-wine-package-xl\\\/#breadcrumb\"},\"inLanguage\":\"en-US\",\"potentialAction\":[{\"@type\":\"ReadAction\",\"target\":[\"https:\\\/\\\/salzlwein.at\\\/en\\\/produkt\\\/spring-wine-package-xl\\\/\"]}]},{\"@type\":\"ImageObject\",\"inLanguage\":\"en-US\",\"@id\":\"https:\\\/\\\/salzlwein.at\\\/en\\\/produkt\\\/spring-wine-package-xl\\\/#primaryimage\",\"url\":\"https:\\\/\\\/salzlwein.at\\\/wp-content\\\/uploads\\\/2025\\\/03\\\/Weingut_Salzl_Fruehlingsweinpaket_XL_2025-1.jpg\",\"contentUrl\":\"https:\\\/\\\/salzlwein.at\\\/wp-content\\\/uploads\\\/2025\\\/03\\\/Weingut_Salzl_Fruehlingsweinpaket_XL_2025-1.jpg\",\"width\":1080,\"height\":1080,\"caption\":\"Promobild des Fr\u00fchlings-Weinpakets XL vom Weingut Salzl. Darauf sind die 12 im Paket enthaltenen Weinflaschen zu sehen. 1x Gr\u00fcner Veltliner Messwein 2023, 1x Muskat\u00b2 2024, 1x Sauvignon Blanc Homok 2024, 1x Zweigelt Ros\u00e9 2024, 1x Zweigelt Classic 2023, 1x Panta Rhei 2021, 1x Frizzante 2023, 1x Frizzante Ros\u00e9 2023, 1x Four Seasons 2024, 1x Chardonnay Horvath 2023, 1x Blaufr\u00e4nkisch \u2013 Seensucht 2022, 1x Bapt\u00eame 2022\"},{\"@type\":\"BreadcrumbList\",\"@id\":\"https:\\\/\\\/salzlwein.at\\\/en\\\/produkt\\\/spring-wine-package-xl\\\/#breadcrumb\",\"itemListElement\":[{\"@type\":\"ListItem\",\"position\":1,\"name\":\"Startseite\",\"item\":\"https:\\\/\\\/salzlwein.at\\\/en\\\/\"},{\"@type\":\"ListItem\",\"position\":2,\"name\":\"Shop\",\"item\":\"https:\\\/\\\/salzlwein.at\\\/shop\\\/\"},{\"@type\":\"ListItem\",\"position\":3,\"name\":\"Spring Wine Package XL\"}]},{\"@type\":\"WebSite\",\"@id\":\"https:\\\/\\\/salzlwein.at\\\/en\\\/#website\",\"url\":\"https:\\\/\\\/salzlwein.at\\\/en\\\/\",\"name\":\"salzlwein.at\",\"description\":\"Weingut Salzl im Nationalpark\",\"potentialAction\":[{\"@type\":\"SearchAction\",\"target\":{\"@type\":\"EntryPoint\",\"urlTemplate\":\"https:\\\/\\\/salzlwein.at\\\/en\\\/?s={search_term_string}\"},\"query-input\":{\"@type\":\"PropertyValueSpecification\",\"valueRequired\":true,\"valueName\":\"search_term_string\"}}],\"inLanguage\":\"en-US\"}]}<\/script>\n<!-- \/ Yoast SEO plugin. -->","yoast_head_json":{"title":"Spring Wine Package XL - salzlwein.at","robots":{"index":"index","follow":"follow","max-snippet":"max-snippet:-1","max-image-preview":"max-image-preview:large","max-video-preview":"max-video-preview:-1"},"canonical":"https:\/\/salzlwein.at\/en\/produkt\/spring-wine-package-xl\/","og_locale":"en_US","og_type":"article","og_title":"Spring Wine Package XL - salzlwein.at","og_description":"Spring Wine Package XL: 12 fresh wines by the glass, springtime enjoyment  Our Spring Wine Package XL combines fruity, refreshing flavors that awaken the palate and indulge you with the lightness of spring. With 12 select wines, you'll experience the fresh and vibrant flavors of the season.  Order now at a special price!","og_url":"https:\/\/salzlwein.at\/en\/produkt\/spring-wine-package-xl\/","og_site_name":"salzlwein.at","article_modified_time":"2026-04-23T06:59:54+00:00","og_image":[{"width":1080,"height":1080,"url":"https:\/\/salzlwein.at\/wp-content\/uploads\/2025\/03\/Weingut_Salzl_Fruehlingsweinpaket_XL_2025-1.jpg","type":"image\/jpeg"}],"twitter_card":"summary_large_image","twitter_misc":{"Est. reading time":"2 minutes"},"schema":{"@context":"https:\/\/schema.org","@graph":[{"@type":"WebPage","@id":"https:\/\/salzlwein.at\/en\/produkt\/spring-wine-package-xl\/","url":"https:\/\/salzlwein.at\/en\/produkt\/spring-wine-package-xl\/","name":"Spring Wine Package XL - salzlwein.at","isPartOf":{"@id":"https:\/\/salzlwein.at\/en\/#website"},"primaryImageOfPage":{"@id":"https:\/\/salzlwein.at\/en\/produkt\/spring-wine-package-xl\/#primaryimage"},"image":{"@id":"https:\/\/salzlwein.at\/en\/produkt\/spring-wine-package-xl\/#primaryimage"},"thumbnailUrl":"https:\/\/salzlwein.at\/wp-content\/uploads\/2025\/03\/Weingut_Salzl_Fruehlingsweinpaket_XL_2025-1.jpg","datePublished":"2025-03-10T09:40:43+00:00","dateModified":"2026-04-23T06:59:54+00:00","breadcrumb":{"@id":"https:\/\/salzlwein.at\/en\/produkt\/spring-wine-package-xl\/#breadcrumb"},"inLanguage":"en-US","potentialAction":[{"@type":"ReadAction","target":["https:\/\/salzlwein.at\/en\/produkt\/spring-wine-package-xl\/"]}]},{"@type":"ImageObject","inLanguage":"en-US","@id":"https:\/\/salzlwein.at\/en\/produkt\/spring-wine-package-xl\/#primaryimage","url":"https:\/\/salzlwein.at\/wp-content\/uploads\/2025\/03\/Weingut_Salzl_Fruehlingsweinpaket_XL_2025-1.jpg","contentUrl":"https:\/\/salzlwein.at\/wp-content\/uploads\/2025\/03\/Weingut_Salzl_Fruehlingsweinpaket_XL_2025-1.jpg","width":1080,"height":1080,"caption":"Promobild des Fr\u00fchlings-Weinpakets XL vom Weingut Salzl. Darauf sind die 12 im Paket enthaltenen Weinflaschen zu sehen. 1x Gr\u00fcner Veltliner Messwein 2023, 1x Muskat\u00b2 2024, 1x Sauvignon Blanc Homok 2024, 1x Zweigelt Ros\u00e9 2024, 1x Zweigelt Classic 2023, 1x Panta Rhei 2021, 1x Frizzante 2023, 1x Frizzante Ros\u00e9 2023, 1x Four Seasons 2024, 1x Chardonnay Horvath 2023, 1x Blaufr\u00e4nkisch \u2013 Seensucht 2022, 1x Bapt\u00eame 2022"},{"@type":"BreadcrumbList","@id":"https:\/\/salzlwein.at\/en\/produkt\/spring-wine-package-xl\/#breadcrumb","itemListElement":[{"@type":"ListItem","position":1,"name":"Startseite","item":"https:\/\/salzlwein.at\/en\/"},{"@type":"ListItem","position":2,"name":"Shop","item":"https:\/\/salzlwein.at\/shop\/"},{"@type":"ListItem","position":3,"name":"Spring Wine Package XL"}]},{"@type":"WebSite","@id":"https:\/\/salzlwein.at\/en\/#website","url":"https:\/\/salzlwein.at\/en\/","name":"salzlwein.at","description":"Weingut Salzl im Nationalpark","potentialAction":[{"@type":"SearchAction","target":{"@type":"EntryPoint","urlTemplate":"https:\/\/salzlwein.at\/en\/?s={search_term_string}"},"query-input":{"@type":"PropertyValueSpecification","valueRequired":true,"valueName":"search_term_string"}}],"inLanguage":"en-US"}]}},"_links":{"self":[{"href":"https:\/\/salzlwein.at\/en\/wp-json\/wp\/v2\/product\/1991","targetHints":{"allow":["GET"]}}],"collection":[{"href":"https:\/\/salzlwein.at\/en\/wp-json\/wp\/v2\/product"}],"about":[{"href":"https:\/\/salzlwein.at\/en\/wp-json\/wp\/v2\/types\/product"}],"wp:featuredmedia":[{"embeddable":true,"href":"https:\/\/salzlwein.at\/en\/wp-json\/wp\/v2\/media\/2028"}],"wp:attachment":[{"href":"https:\/\/salzlwein.at\/en\/wp-json\/wp\/v2\/media?parent=1991"}],"wp:term":[{"taxonomy":"product_brand","embeddable":true,"href":"https:\/\/salzlwein.at\/en\/wp-json\/wp\/v2\/product_brand?post=1991"},{"taxonomy":"product_cat","embeddable":true,"href":"https:\/\/salzlwein.at\/en\/wp-json\/wp\/v2\/product_cat?post=1991"},{"taxonomy":"product_tag","embeddable":true,"href":"https:\/\/salzlwein.at\/en\/wp-json\/wp\/v2\/product_tag?post=1991"}],"curies":[{"name":"wp","href":"https:\/\/api.w.org\/{rel}","templated":true}]}}